{"id":541,"date":"2025-06-12T12:01:57","date_gmt":"2025-06-12T08:01:57","guid":{"rendered":"https:\/\/ilokaz.re\/?page_id=541"},"modified":"2025-06-12T12:01:57","modified_gmt":"2025-06-12T08:01:57","slug":"politique-de-confidentialite-2","status":"publish","type":"page","link":"https:\/\/maintenance.ilokaz.re\/?page_id=541","title":{"rendered":"Politique de confidentialit\u00e9"},"content":{"rendered":"\t\t<div data-elementor-type=\"wp-page\" data-elementor-id=\"541\" class=\"elementor elementor-541\">\n\t\t\t\t<div class=\"elementor-element elementor-element-8c7c510 e-con-full elementor-hidden-mobile e-flex wpr-particle-no wpr-jarallax-no wpr-parallax-no wpr-sticky-section-no e-con e-parent\" data-id=\"8c7c510\" data-element_type=\"container\">\n\t\t<div class=\"elementor-element elementor-element-c3bbb06 e-con-full e-flex wpr-particle-no wpr-jarallax-no wpr-parallax-no wpr-sticky-section-no e-con e-child\" data-id=\"c3bbb06\" data-element_type=\"container\">\n\t\t<div class=\"elementor-element elementor-element-fe5bb92 e-con-full e-flex wpr-particle-no wpr-jarallax-no wpr-parallax-no wpr-sticky-section-no e-con e-child\" data-id=\"fe5bb92\" data-element_type=\"container\">\n\t\t\t\t<div class=\"elementor-element elementor-element-192f009 elementor-widget elementor-widget-heading\" data-id=\"192f009\" data-element_type=\"widget\" data-widget_type=\"heading.default\">\n\t\t\t\t\t<h2 class=\"elementor-heading-title elementor-size-default\">Politique de confidentialit\u00e9<\/h2>\t\t\t\t<\/div>\n\t\t\t\t<div class=\"elementor-element elementor-element-c787064 elementor-widget elementor-widget-text-editor\" data-id=\"c787064\" data-element_type=\"widget\" data-widget_type=\"text-editor.default\">\n\t\t\t\t\t\t\t\t\t<p>La pr\u00e9sente politique de confidentialit\u00e9 a pour but d\u2019informer les utilisateurs du site www.ilokaz.re sur la mani\u00e8re dont leurs donn\u00e9es personnelles sont collect\u00e9es, utilis\u00e9es et prot\u00e9g\u00e9es, conform\u00e9ment au R\u00e8glement G\u00e9n\u00e9ral sur la Protection des Donn\u00e9es (RGPD) et \u00e0 la loi Informatique et Libert\u00e9s.<\/p>\t\t\t\t\t\t\t\t<\/div>\n\t\t\t\t<div class=\"elementor-element elementor-element-5ca57f0 elementor-widget elementor-widget-heading\" data-id=\"5ca57f0\" data-element_type=\"widget\" data-widget_type=\"heading.default\">\n\t\t\t\t\t<h2 class=\"elementor-heading-title elementor-size-default\">1. Responsable du traitement<\/h2>\t\t\t\t<\/div>\n\t\t\t\t<div class=\"elementor-element elementor-element-0b2f312 elementor-widget elementor-widget-text-editor\" data-id=\"0b2f312\" data-element_type=\"widget\" data-widget_type=\"text-editor.default\">\n\t\t\t\t\t\t\t\t\t<p>Le responsable du traitement des donn\u00e9es personnelles est : Ilokaz Concept \u2013 <a href=\"mailto:contact@ilokaz.re\">contact@ilokaz.re<\/a><\/p>\t\t\t\t\t\t\t\t<\/div>\n\t\t\t\t<div class=\"elementor-element elementor-element-66b4e86 elementor-widget elementor-widget-heading\" data-id=\"66b4e86\" data-element_type=\"widget\" data-widget_type=\"heading.default\">\n\t\t\t\t\t<h2 class=\"elementor-heading-title elementor-size-default\">2. Donn\u00e9es collect\u00e9es<\/h2>\t\t\t\t<\/div>\n\t\t\t\t<div class=\"elementor-element elementor-element-70e5598 elementor-widget elementor-widget-text-editor\" data-id=\"70e5598\" data-element_type=\"widget\" data-widget_type=\"text-editor.default\">\n\t\t\t\t\t\t\t\t\t<p>Les donn\u00e9es suivantes peuvent \u00eatre collect\u00e9es lors de l\u2019utilisation du site :<br \/>&#8211; Nom, pr\u00e9nom<br \/>&#8211; Adresse e-mail<br \/>&#8211; Num\u00e9ro de t\u00e9l\u00e9phone (si renseign\u00e9)<br \/>&#8211; Adresse IP et donn\u00e9es de navigation (via cookies)<\/p>\t\t\t\t\t\t\t\t<\/div>\n\t\t\t\t<div class=\"elementor-element elementor-element-24187fc elementor-widget elementor-widget-heading\" data-id=\"24187fc\" data-element_type=\"widget\" data-widget_type=\"heading.default\">\n\t\t\t\t\t<h2 class=\"elementor-heading-title elementor-size-default\">3. Finalit\u00e9 de la collecte<\/h2>\t\t\t\t<\/div>\n\t\t\t\t<div class=\"elementor-element elementor-element-2e3ce45 elementor-widget elementor-widget-text-editor\" data-id=\"2e3ce45\" data-element_type=\"widget\" data-widget_type=\"text-editor.default\">\n\t\t\t\t\t\t\t\t\t<p>Les donn\u00e9es collect\u00e9es sont utilis\u00e9es uniquement pour :<br \/>&#8211; R\u00e9pondre aux demandes via le formulaire de contact<br \/>&#8211; Am\u00e9liorer l\u2019exp\u00e9rience utilisateur<br \/>&#8211; Analyser le trafic du site (statistiques anonymis\u00e9es)<\/p>\t\t\t\t\t\t\t\t<\/div>\n\t\t\t\t<div class=\"elementor-element elementor-element-81356dd elementor-widget elementor-widget-heading\" data-id=\"81356dd\" data-element_type=\"widget\" data-widget_type=\"heading.default\">\n\t\t\t\t\t<h2 class=\"elementor-heading-title elementor-size-default\">4. Dur\u00e9e de conservation<\/h2>\t\t\t\t<\/div>\n\t\t\t\t<div class=\"elementor-element elementor-element-e1beb68 elementor-widget elementor-widget-text-editor\" data-id=\"e1beb68\" data-element_type=\"widget\" data-widget_type=\"text-editor.default\">\n\t\t\t\t\t\t\t\t\t<p>Les donn\u00e9es sont conserv\u00e9es pendant une dur\u00e9e maximale de 3 ans \u00e0 compter du dernier contact ou de la derni\u00e8re activit\u00e9 sur le site.<\/p>\t\t\t\t\t\t\t\t<\/div>\n\t\t\t\t<div class=\"elementor-element elementor-element-00651ea elementor-widget elementor-widget-heading\" data-id=\"00651ea\" data-element_type=\"widget\" data-widget_type=\"heading.default\">\n\t\t\t\t\t<h2 class=\"elementor-heading-title elementor-size-default\">5. Partage des donn\u00e9es<\/h2>\t\t\t\t<\/div>\n\t\t\t\t<div class=\"elementor-element elementor-element-2d3ee05 elementor-widget elementor-widget-text-editor\" data-id=\"2d3ee05\" data-element_type=\"widget\" data-widget_type=\"text-editor.default\">\n\t\t\t\t\t\t\t\t\t<p>Aucune donn\u00e9e personnelle n\u2019est vendue ou c\u00e9d\u00e9e \u00e0 des tiers. Les donn\u00e9es peuvent \u00eatre accessibles aux prestataires techniques uniquement dans le cadre de la maintenance du site et dans le respect de la confidentialit\u00e9.<\/p>\t\t\t\t\t\t\t\t<\/div>\n\t\t\t\t<div class=\"elementor-element elementor-element-eda29a7 elementor-widget elementor-widget-heading\" data-id=\"eda29a7\" data-element_type=\"widget\" data-widget_type=\"heading.default\">\n\t\t\t\t\t<h2 class=\"elementor-heading-title elementor-size-default\">6. S\u00e9curit\u00e9 des donn\u00e9es<\/h2>\t\t\t\t<\/div>\n\t\t\t\t<div class=\"elementor-element elementor-element-8fadd9f elementor-widget elementor-widget-text-editor\" data-id=\"8fadd9f\" data-element_type=\"widget\" data-widget_type=\"text-editor.default\">\n\t\t\t\t\t\t\t\t\t<p>Le site met en \u0153uvre des mesures techniques appropri\u00e9es pour assurer la s\u00e9curit\u00e9 des donn\u00e9es et \u00e9viter leur perte, alt\u00e9ration ou acc\u00e8s non autoris\u00e9.<\/p>\t\t\t\t\t\t\t\t<\/div>\n\t\t\t\t<div class=\"elementor-element elementor-element-0214a1f elementor-widget elementor-widget-heading\" data-id=\"0214a1f\" data-element_type=\"widget\" data-widget_type=\"heading.default\">\n\t\t\t\t\t<h2 class=\"elementor-heading-title elementor-size-default\">7. Droits des utilisateurs<\/h2>\t\t\t\t<\/div>\n\t\t\t\t<div class=\"elementor-element elementor-element-26ab423 elementor-widget elementor-widget-text-editor\" data-id=\"26ab423\" data-element_type=\"widget\" data-widget_type=\"text-editor.default\">\n\t\t\t\t\t\t\t\t\t<p>Conform\u00e9ment au RGPD, vous disposez des droits suivants :<br \/>&#8211; Droit d\u2019acc\u00e8s<br \/>&#8211; Droit de rectification<br \/>&#8211; Droit \u00e0 l\u2019effacement<br \/>&#8211; Droit \u00e0 la limitation du traitement<br \/>&#8211; Droit d\u2019opposition<br \/>&#8211; Droit \u00e0 la portabilit\u00e9 des donn\u00e9es<br \/>Pour exercer ces droits, contactez : contact@ilokaz.re<\/p>\t\t\t\t\t\t\t\t<\/div>\n\t\t\t\t<div class=\"elementor-element elementor-element-7e9d5c8 elementor-widget elementor-widget-heading\" data-id=\"7e9d5c8\" data-element_type=\"widget\" data-widget_type=\"heading.default\">\n\t\t\t\t\t<h2 class=\"elementor-heading-title elementor-size-default\">8. Modifications de la politique<\/h2>\t\t\t\t<\/div>\n\t\t\t\t<div class=\"elementor-element elementor-element-03a68af elementor-widget elementor-widget-text-editor\" data-id=\"03a68af\" data-element_type=\"widget\" data-widget_type=\"text-editor.default\">\n\t\t\t\t\t\t\t\t\t<p>Ilokaz Concept se r\u00e9serve le droit de modifier la pr\u00e9sente politique de confidentialit\u00e9 \u00e0 tout moment. Les utilisateurs seront inform\u00e9s de toute modification via le site web.<\/p>\t\t\t\t\t\t\t\t<\/div>\n\t\t\t\t<\/div>\n\t\t\t\t<\/div>\n\t\t\t\t<\/div>\n\t\t<div class=\"elementor-element elementor-element-c892176 elementor-hidden-desktop elementor-hidden-tablet e-flex e-con-boxed wpr-particle-no wpr-jarallax-no wpr-parallax-no wpr-sticky-section-no e-con e-parent\" data-id=\"c892176\" data-element_type=\"container\">\n\t\t\t\t\t<div class=\"e-con-inner\">\n\t\t<div class=\"elementor-element elementor-element-566bcf7 e-flex e-con-boxed wpr-particle-no wpr-jarallax-no wpr-parallax-no wpr-sticky-section-no e-con e-child\" data-id=\"566bcf7\" data-element_type=\"container\">\n\t\t\t\t\t<div class=\"e-con-inner\">\n\t\t<div class=\"elementor-element elementor-element-d267f69 e-flex e-con-boxed wpr-particle-no wpr-jarallax-no wpr-parallax-no wpr-sticky-section-no e-con e-child\" data-id=\"d267f69\" data-element_type=\"container\">\n\t\t\t\t\t<div class=\"e-con-inner\">\n\t\t\t\t<div class=\"elementor-element elementor-element-2b991f5 elementor-widget elementor-widget-heading\" data-id=\"2b991f5\" data-element_type=\"widget\" data-widget_type=\"heading.default\">\n\t\t\t\t\t<h2 class=\"elementor-heading-title elementor-size-default\">Politique de confidentialit\u00e9<\/h2>\t\t\t\t<\/div>\n\t\t\t\t<div class=\"elementor-element elementor-element-55ee7f5 elementor-widget elementor-widget-text-editor\" data-id=\"55ee7f5\" data-element_type=\"widget\" data-widget_type=\"text-editor.default\">\n\t\t\t\t\t\t\t\t\t<p>La pr\u00e9sente politique de confidentialit\u00e9 a pour but d\u2019informer les utilisateurs du site www.ilokaz.re sur la mani\u00e8re dont leurs donn\u00e9es personnelles sont collect\u00e9es, utilis\u00e9es et prot\u00e9g\u00e9es, conform\u00e9ment au R\u00e8glement G\u00e9n\u00e9ral sur la Protection des Donn\u00e9es (RGPD) et \u00e0 la loi Informatique et Libert\u00e9s.<\/p>\t\t\t\t\t\t\t\t<\/div>\n\t\t\t\t<div class=\"elementor-element elementor-element-578a545 elementor-widget elementor-widget-heading\" data-id=\"578a545\" data-element_type=\"widget\" data-widget_type=\"heading.default\">\n\t\t\t\t\t<h2 class=\"elementor-heading-title elementor-size-default\">1. Responsable du traitement<\/h2>\t\t\t\t<\/div>\n\t\t\t\t<div class=\"elementor-element elementor-element-5c1a8ab elementor-widget elementor-widget-text-editor\" data-id=\"5c1a8ab\" data-element_type=\"widget\" data-widget_type=\"text-editor.default\">\n\t\t\t\t\t\t\t\t\t<p>Le responsable du traitement des donn\u00e9es personnelles est : Ilokaz Concept \u2013 <a href=\"mailto:contact@ilokaz.re\">contact@ilokaz.re<\/a><\/p>\t\t\t\t\t\t\t\t<\/div>\n\t\t\t\t<div class=\"elementor-element elementor-element-c09ead9 elementor-widget elementor-widget-heading\" data-id=\"c09ead9\" data-element_type=\"widget\" data-widget_type=\"heading.default\">\n\t\t\t\t\t<h2 class=\"elementor-heading-title elementor-size-default\">2. Donn\u00e9es collect\u00e9es<\/h2>\t\t\t\t<\/div>\n\t\t\t\t<div class=\"elementor-element elementor-element-ec997ce elementor-widget elementor-widget-text-editor\" data-id=\"ec997ce\" data-element_type=\"widget\" data-widget_type=\"text-editor.default\">\n\t\t\t\t\t\t\t\t\t<p>Les donn\u00e9es suivantes peuvent \u00eatre collect\u00e9es lors de l\u2019utilisation du site :<br \/>&#8211; Nom, pr\u00e9nom<br \/>&#8211; Adresse e-mail<br \/>&#8211; Num\u00e9ro de t\u00e9l\u00e9phone (si renseign\u00e9)<br \/>&#8211; Adresse IP et donn\u00e9es de navigation (via cookies)<\/p>\t\t\t\t\t\t\t\t<\/div>\n\t\t\t\t<div class=\"elementor-element elementor-element-164e187 elementor-widget elementor-widget-heading\" data-id=\"164e187\" data-element_type=\"widget\" data-widget_type=\"heading.default\">\n\t\t\t\t\t<h2 class=\"elementor-heading-title elementor-size-default\">3. Finalit\u00e9 de la collecte<\/h2>\t\t\t\t<\/div>\n\t\t\t\t<div class=\"elementor-element elementor-element-9744aed elementor-widget elementor-widget-text-editor\" data-id=\"9744aed\" data-element_type=\"widget\" data-widget_type=\"text-editor.default\">\n\t\t\t\t\t\t\t\t\t<p>Les donn\u00e9es collect\u00e9es sont utilis\u00e9es uniquement pour :<br \/>&#8211; R\u00e9pondre aux demandes via le formulaire de contact<br \/>&#8211; Am\u00e9liorer l\u2019exp\u00e9rience utilisateur<br \/>&#8211; Analyser le trafic du site (statistiques anonymis\u00e9es)<\/p>\t\t\t\t\t\t\t\t<\/div>\n\t\t\t\t<div class=\"elementor-element elementor-element-e2bf190 elementor-widget elementor-widget-heading\" data-id=\"e2bf190\" data-element_type=\"widget\" data-widget_type=\"heading.default\">\n\t\t\t\t\t<h2 class=\"elementor-heading-title elementor-size-default\">4. Dur\u00e9e de conservation<\/h2>\t\t\t\t<\/div>\n\t\t\t\t<div class=\"elementor-element elementor-element-cae88cb elementor-widget elementor-widget-text-editor\" data-id=\"cae88cb\" data-element_type=\"widget\" data-widget_type=\"text-editor.default\">\n\t\t\t\t\t\t\t\t\t<p>Les donn\u00e9es sont conserv\u00e9es pendant une dur\u00e9e maximale de 3 ans \u00e0 compter du dernier contact ou de la derni\u00e8re activit\u00e9 sur le site.<\/p>\t\t\t\t\t\t\t\t<\/div>\n\t\t\t\t<div class=\"elementor-element elementor-element-048ed45 elementor-widget elementor-widget-heading\" data-id=\"048ed45\" data-element_type=\"widget\" data-widget_type=\"heading.default\">\n\t\t\t\t\t<h2 class=\"elementor-heading-title elementor-size-default\">5. Partage des donn\u00e9es<\/h2>\t\t\t\t<\/div>\n\t\t\t\t<div class=\"elementor-element elementor-element-1cdb27a elementor-widget elementor-widget-text-editor\" data-id=\"1cdb27a\" data-element_type=\"widget\" data-widget_type=\"text-editor.default\">\n\t\t\t\t\t\t\t\t\t<p>Aucune donn\u00e9e personnelle n\u2019est vendue ou c\u00e9d\u00e9e \u00e0 des tiers. Les donn\u00e9es peuvent \u00eatre accessibles aux prestataires techniques uniquement dans le cadre de la maintenance du site et dans le respect de la confidentialit\u00e9.<\/p>\t\t\t\t\t\t\t\t<\/div>\n\t\t\t\t<div class=\"elementor-element elementor-element-68dda2e elementor-widget elementor-widget-heading\" data-id=\"68dda2e\" data-element_type=\"widget\" data-widget_type=\"heading.default\">\n\t\t\t\t\t<h2 class=\"elementor-heading-title elementor-size-default\">6. S\u00e9curit\u00e9 des donn\u00e9es<\/h2>\t\t\t\t<\/div>\n\t\t\t\t<div class=\"elementor-element elementor-element-f12e990 elementor-widget elementor-widget-text-editor\" data-id=\"f12e990\" data-element_type=\"widget\" data-widget_type=\"text-editor.default\">\n\t\t\t\t\t\t\t\t\t<p>Le site met en \u0153uvre des mesures techniques appropri\u00e9es pour assurer la s\u00e9curit\u00e9 des donn\u00e9es et \u00e9viter leur perte, alt\u00e9ration ou acc\u00e8s non autoris\u00e9.<\/p>\t\t\t\t\t\t\t\t<\/div>\n\t\t\t\t<div class=\"elementor-element elementor-element-fbb754c elementor-widget elementor-widget-heading\" data-id=\"fbb754c\" data-element_type=\"widget\" data-widget_type=\"heading.default\">\n\t\t\t\t\t<h2 class=\"elementor-heading-title elementor-size-default\">7. Droits des utilisateurs<\/h2>\t\t\t\t<\/div>\n\t\t\t\t<div class=\"elementor-element elementor-element-5c3cc8a elementor-widget elementor-widget-text-editor\" data-id=\"5c3cc8a\" data-element_type=\"widget\" data-widget_type=\"text-editor.default\">\n\t\t\t\t\t\t\t\t\t<p>Conform\u00e9ment au RGPD, vous disposez des droits suivants :<br \/>&#8211; Droit d\u2019acc\u00e8s<br \/>&#8211; Droit de rectification<br \/>&#8211; Droit \u00e0 l\u2019effacement<br \/>&#8211; Droit \u00e0 la limitation du traitement<br \/>&#8211; Droit d\u2019opposition<br \/>&#8211; Droit \u00e0 la portabilit\u00e9 des donn\u00e9es<br \/>Pour exercer ces droits, contactez : contact@ilokaz.re<\/p>\t\t\t\t\t\t\t\t<\/div>\n\t\t\t\t<div class=\"elementor-element elementor-element-684e9b9 elementor-widget elementor-widget-heading\" data-id=\"684e9b9\" data-element_type=\"widget\" data-widget_type=\"heading.default\">\n\t\t\t\t\t<h2 class=\"elementor-heading-title elementor-size-default\">8. Modifications de la politique<\/h2>\t\t\t\t<\/div>\n\t\t\t\t<div class=\"elementor-element elementor-element-211c0a2 elementor-widget elementor-widget-text-editor\" data-id=\"211c0a2\" data-element_type=\"widget\" data-widget_type=\"text-editor.default\">\n\t\t\t\t\t\t\t\t\t<p>Ilokaz Concept se r\u00e9serve le droit de modifier la pr\u00e9sente politique de confidentialit\u00e9 \u00e0 tout moment. Les utilisateurs seront inform\u00e9s de toute modification via le site web.<\/p>\t\t\t\t\t\t\t\t<\/div>\n\t\t\t\t\t<\/div>\n\t\t\t\t<\/div>\n\t\t\t\t\t<\/div>\n\t\t\t\t<\/div>\n\t\t\t\t\t<\/div>\n\t\t\t\t<\/div>\n\t\t\t\t<\/div>\n\t\t","protected":false},"excerpt":{"rendered":"<p>Politique de confidentialit\u00e9 La pr\u00e9sente politique de confidentialit\u00e9 a pour but d\u2019informer les utilisateurs du site www.ilokaz.re sur la mani\u00e8re dont leurs donn\u00e9es personnelles sont collect\u00e9es, utilis\u00e9es et prot\u00e9g\u00e9es, conform\u00e9ment au R\u00e8glement G\u00e9n\u00e9ral sur la Protection des Donn\u00e9es (RGPD) et \u00e0 la loi Informatique et Libert\u00e9s. 1. Responsable du traitement Le responsable du traitement des donn\u00e9es personnelles est : Ilokaz Concept \u2013 contact@ilokaz.re 2. Donn\u00e9es collect\u00e9es Les donn\u00e9es suivantes peuvent \u00eatre collect\u00e9es lors de l\u2019utilisation du site :&#8211; Nom, pr\u00e9nom&#8211; Adresse e-mail&#8211; Num\u00e9ro de t\u00e9l\u00e9phone (si renseign\u00e9)&#8211; Adresse IP et donn\u00e9es de navigation (via cookies) 3. Finalit\u00e9 de la collecte Les donn\u00e9es collect\u00e9es sont utilis\u00e9es uniquement pour :&#8211; R\u00e9pondre aux demandes via le formulaire de contact&#8211; Am\u00e9liorer l\u2019exp\u00e9rience utilisateur&#8211; Analyser le trafic du site (statistiques anonymis\u00e9es) 4. Dur\u00e9e de conservation Les donn\u00e9es sont conserv\u00e9es pendant une dur\u00e9e maximale de 3 ans \u00e0 compter du dernier contact ou de la derni\u00e8re activit\u00e9 sur le site. 5. Partage des donn\u00e9es Aucune donn\u00e9e personnelle n\u2019est vendue ou c\u00e9d\u00e9e \u00e0 des tiers. Les donn\u00e9es peuvent \u00eatre accessibles aux prestataires techniques uniquement dans le cadre de la maintenance du site et dans le respect de la confidentialit\u00e9. 6. S\u00e9curit\u00e9 des donn\u00e9es Le site met en \u0153uvre des mesures techniques appropri\u00e9es pour assurer la s\u00e9curit\u00e9 des donn\u00e9es et \u00e9viter leur perte, alt\u00e9ration ou acc\u00e8s non autoris\u00e9. 7. Droits des utilisateurs Conform\u00e9ment au RGPD, vous disposez des droits suivants :&#8211; Droit d\u2019acc\u00e8s&#8211; Droit de rectification&#8211; Droit \u00e0 l\u2019effacement&#8211; Droit \u00e0 la limitation du traitement&#8211; Droit d\u2019opposition&#8211; Droit \u00e0 la portabilit\u00e9 des donn\u00e9esPour exercer ces droits, contactez : contact@ilokaz.re 8. Modifications de la politique Ilokaz Concept se r\u00e9serve le droit de modifier la pr\u00e9sente politique de confidentialit\u00e9 \u00e0 tout moment. Les utilisateurs seront inform\u00e9s de toute modification via le site web. Politique de confidentialit\u00e9 La pr\u00e9sente politique de confidentialit\u00e9 a pour but d\u2019informer les utilisateurs du site www.ilokaz.re sur la mani\u00e8re dont leurs donn\u00e9es personnelles sont collect\u00e9es, utilis\u00e9es et prot\u00e9g\u00e9es, conform\u00e9ment au R\u00e8glement G\u00e9n\u00e9ral sur la Protection des Donn\u00e9es (RGPD) et \u00e0 la loi Informatique et Libert\u00e9s. 1. Responsable du traitement Le responsable du traitement des donn\u00e9es personnelles est : Ilokaz Concept \u2013 contact@ilokaz.re 2. Donn\u00e9es collect\u00e9es Les donn\u00e9es suivantes peuvent \u00eatre collect\u00e9es lors de l\u2019utilisation du site :&#8211; Nom, pr\u00e9nom&#8211; Adresse e-mail&#8211; Num\u00e9ro de t\u00e9l\u00e9phone (si renseign\u00e9)&#8211; Adresse IP et donn\u00e9es de navigation (via cookies) 3. Finalit\u00e9 de la collecte Les donn\u00e9es collect\u00e9es sont utilis\u00e9es uniquement pour :&#8211; R\u00e9pondre aux demandes via le formulaire de contact&#8211; Am\u00e9liorer l\u2019exp\u00e9rience utilisateur&#8211; Analyser le trafic du site (statistiques anonymis\u00e9es) 4. Dur\u00e9e de conservation Les donn\u00e9es sont conserv\u00e9es pendant une dur\u00e9e maximale de 3 ans \u00e0 compter du dernier contact ou de la derni\u00e8re activit\u00e9 sur le site. 5. Partage des donn\u00e9es Aucune donn\u00e9e personnelle n\u2019est vendue ou c\u00e9d\u00e9e \u00e0 des tiers. Les donn\u00e9es peuvent \u00eatre accessibles aux prestataires techniques uniquement dans le cadre de la maintenance du site et dans le respect de la confidentialit\u00e9. 6. S\u00e9curit\u00e9 des donn\u00e9es Le site met en \u0153uvre des mesures techniques appropri\u00e9es pour assurer la s\u00e9curit\u00e9 des donn\u00e9es et \u00e9viter leur perte, alt\u00e9ration ou acc\u00e8s non autoris\u00e9. 7. Droits des utilisateurs Conform\u00e9ment au RGPD, vous disposez des droits suivants :&#8211; Droit d\u2019acc\u00e8s&#8211; Droit de rectification&#8211; Droit \u00e0 l\u2019effacement&#8211; Droit \u00e0 la limitation du traitement&#8211; Droit d\u2019opposition&#8211; Droit \u00e0 la portabilit\u00e9 des donn\u00e9esPour exercer ces droits, contactez : contact@ilokaz.re 8. Modifications de la politique Ilokaz Concept se r\u00e9serve le droit de modifier la pr\u00e9sente politique de confidentialit\u00e9 \u00e0 tout moment. Les utilisateurs seront inform\u00e9s de toute modification via le site web.<\/p>\n","protected":false},"author":1,"featured_media":0,"parent":0,"menu_order":0,"comment_status":"closed","ping_status":"closed","template":"elementor_header_footer","meta":{"_eb_attr":"","footnotes":""},"class_list":["post-541","page","type-page","status-publish","hentry"],"_links":{"self":[{"href":"https:\/\/maintenance.ilokaz.re\/index.php?rest_route=\/wp\/v2\/pages\/541","targetHints":{"allow":["GET"]}}],"collection":[{"href":"https:\/\/maintenance.ilokaz.re\/index.php?rest_route=\/wp\/v2\/pages"}],"about":[{"href":"https:\/\/maintenance.ilokaz.re\/index.php?rest_route=\/wp\/v2\/types\/page"}],"author":[{"embeddable":true,"href":"https:\/\/maintenance.ilokaz.re\/index.php?rest_route=\/wp\/v2\/users\/1"}],"replies":[{"embeddable":true,"href":"https:\/\/maintenance.ilokaz.re\/index.php?rest_route=%2Fwp%2Fv2%2Fcomments&post=541"}],"version-history":[{"count":0,"href":"https:\/\/maintenance.ilokaz.re\/index.php?rest_route=\/wp\/v2\/pages\/541\/revisions"}],"wp:attachment":[{"href":"https:\/\/maintenance.ilokaz.re\/index.php?rest_route=%2Fwp%2Fv2%2Fmedia&parent=541"}],"curies":[{"name":"wp","href":"https:\/\/api.w.org\/{rel}","templated":true}]}}