{"id":532,"date":"2025-06-12T11:54:44","date_gmt":"2025-06-12T07:54:44","guid":{"rendered":"https:\/\/ilokaz.re\/?page_id=532"},"modified":"2025-11-04T20:37:32","modified_gmt":"2025-11-04T19:37:32","slug":"mentions-legales","status":"publish","type":"page","link":"https:\/\/maintenance.ilokaz.re\/?page_id=532","title":{"rendered":"Mentions l\u00e9gales"},"content":{"rendered":"\t\t<div data-elementor-type=\"wp-page\" data-elementor-id=\"532\" class=\"elementor elementor-532\">\n\t\t\t\t<div class=\"elementor-element elementor-element-15df19c e-con-full e-flex wpr-particle-no wpr-jarallax-no wpr-parallax-no wpr-sticky-section-no e-con e-parent\" data-id=\"15df19c\" data-element_type=\"container\">\n\t\t<div class=\"elementor-element elementor-element-14c6656 e-con-full e-flex wpr-particle-no wpr-jarallax-no wpr-parallax-no wpr-sticky-section-no e-con e-child\" data-id=\"14c6656\" data-element_type=\"container\">\n\t\t\t\t<div class=\"elementor-element elementor-element-62a070a elementor-widget elementor-widget-heading\" data-id=\"62a070a\" data-element_type=\"widget\" data-widget_type=\"heading.default\">\n\t\t\t\t\t<h2 class=\"elementor-heading-title elementor-size-default\">Mentions l\u00e9gales<\/h2>\t\t\t\t<\/div>\n\t\t\t\t<div class=\"elementor-element elementor-element-76d6ccc elementor-widget elementor-widget-text-editor\" data-id=\"76d6ccc\" data-element_type=\"widget\" data-widget_type=\"text-editor.default\">\n\t\t\t\t\t\t\t\t\t<p>Conform\u00e9ment aux dispositions des articles 6-III et 19 de la Loi n\u00b02004-575 du 21 juin 2004 pour la Confiance dans l\u2019\u00e9conomie num\u00e9rique (LCEN), nous informons les utilisateurs et visiteurs du site www.ilokaz.re des informations suivantes :<\/p>\t\t\t\t\t\t\t\t<\/div>\n\t\t\t\t<div class=\"elementor-element elementor-element-1f0d429 elementor-widget elementor-widget-heading\" data-id=\"1f0d429\" data-element_type=\"widget\" data-widget_type=\"heading.default\">\n\t\t\t\t\t<h2 class=\"elementor-heading-title elementor-size-default\">\u00c9diteur du site<\/h2>\t\t\t\t<\/div>\n\t\t\t\t<div class=\"elementor-element elementor-element-81133b3 elementor-widget elementor-widget-text-editor\" data-id=\"81133b3\" data-element_type=\"widget\" data-widget_type=\"text-editor.default\">\n\t\t\t\t\t\t\t\t\t<p>Nom commercial : Ilokaz Concept<br \/>Statut juridique : Micro-entreprise<br \/>Nom du responsable : Mathieu Hoareau<br \/>Adresse : La R\u00e9union<br \/>SIRET : 85218407600010<br \/>Adresse e-mail : contact@ilokaz.re<br \/>Code APE : 7112B<br \/>TVA non applicable, article 293 B du CGI<\/p>\t\t\t\t\t\t\t\t<\/div>\n\t\t\t\t<div class=\"elementor-element elementor-element-a019ea6 elementor-widget elementor-widget-heading\" data-id=\"a019ea6\" data-element_type=\"widget\" data-widget_type=\"heading.default\">\n\t\t\t\t\t<h2 class=\"elementor-heading-title elementor-size-default\">H\u00e9bergeur du site<\/h2>\t\t\t\t<\/div>\n\t\t\t\t<div class=\"elementor-element elementor-element-4398176 elementor-widget elementor-widget-text-editor\" data-id=\"4398176\" data-element_type=\"widget\" data-widget_type=\"text-editor.default\">\n\t\t\t\t\t\t\t\t\t<p>Nom : OVH SAS<br \/>Adresse : 2 rue Kellermann, 59100 Roubaix, France<br \/>Site web : https:\/\/www.ovh.com<\/p>\t\t\t\t\t\t\t\t<\/div>\n\t\t\t\t<div class=\"elementor-element elementor-element-08f3ccb elementor-widget elementor-widget-heading\" data-id=\"08f3ccb\" data-element_type=\"widget\" data-widget_type=\"heading.default\">\n\t\t\t\t\t<h2 class=\"elementor-heading-title elementor-size-default\">Propri\u00e9t\u00e9 intellectuelle<\/h2>\t\t\t\t<\/div>\n\t\t\t\t<div class=\"elementor-element elementor-element-9c75ef0 elementor-widget elementor-widget-text-editor\" data-id=\"9c75ef0\" data-element_type=\"widget\" data-widget_type=\"text-editor.default\">\n\t\t\t\t\t\t\t\t\t<p>L\u2019ensemble du contenu du site www.ilokaz.re (textes, images, illustrations, logo, fichiers t\u00e9l\u00e9chargeables, etc.) est la propri\u00e9t\u00e9 exclusive d\u2019Ilokaz Concept, sauf mention contraire. Toute reproduction, repr\u00e9sentation, modification ou adaptation, partielle ou totale, est interdite sans autorisation pr\u00e9alable \u00e9crite.<\/p>\t\t\t\t\t\t\t\t<\/div>\n\t\t\t\t<div class=\"elementor-element elementor-element-93cce7d elementor-widget elementor-widget-heading\" data-id=\"93cce7d\" data-element_type=\"widget\" data-widget_type=\"heading.default\">\n\t\t\t\t\t<h2 class=\"elementor-heading-title elementor-size-default\">Donn\u00e9es personnelles<\/h2>\t\t\t\t<\/div>\n\t\t\t\t<div class=\"elementor-element elementor-element-302b72b elementor-widget elementor-widget-text-editor\" data-id=\"302b72b\" data-element_type=\"widget\" data-widget_type=\"text-editor.default\">\n\t\t\t\t\t\t\t\t\t<p>Aucune donn\u00e9e personnelle n\u2019est collect\u00e9e sans votre consentement.<br \/>Les informations \u00e9ventuellement collect\u00e9es via le formulaire de contact ne sont utilis\u00e9es qu\u2019\u00e0 des fins de r\u00e9ponse \u00e0 vos demandes, et ne sont en aucun cas transmises \u00e0 des tiers.<br \/>Conform\u00e9ment \u00e0 la loi \u00ab Informatique et Libert\u00e9s \u00bb du 6 janvier 1978 modifi\u00e9e et au RGPD, vous disposez d\u2019un droit d\u2019acc\u00e8s, de rectification et de suppression de vos donn\u00e9es personnelles. Pour exercer ce droit, vous pouvez \u00e9crire \u00e0 : <a href=\"mailto:contact@ilokaz.re\">contact@ilokaz.re<\/a><\/p>\t\t\t\t\t\t\t\t<\/div>\n\t\t\t\t<div class=\"elementor-element elementor-element-d8f2b33 elementor-widget elementor-widget-heading\" data-id=\"d8f2b33\" data-element_type=\"widget\" data-widget_type=\"heading.default\">\n\t\t\t\t\t<h2 class=\"elementor-heading-title elementor-size-default\">Cookies<\/h2>\t\t\t\t<\/div>\n\t\t\t\t<div class=\"elementor-element elementor-element-18a73fd elementor-widget elementor-widget-text-editor\" data-id=\"18a73fd\" data-element_type=\"widget\" data-widget_type=\"text-editor.default\">\n\t\t\t\t\t\t\t\t\t<p>Le site www.ilokaz.re peut \u00eatre amen\u00e9 \u00e0 d\u00e9poser des cookies \u00e0 des fins de navigation, d\u2019analyse de fr\u00e9quentation ou de fonctionnalit\u00e9.<br \/>Vous pouvez configurer votre navigateur pour refuser ou supprimer les cookies.<\/p>\t\t\t\t\t\t\t\t<\/div>\n\t\t\t\t<div class=\"elementor-element elementor-element-ff46d35 elementor-widget elementor-widget-heading\" data-id=\"ff46d35\" data-element_type=\"widget\" data-widget_type=\"heading.default\">\n\t\t\t\t\t<h2 class=\"elementor-heading-title elementor-size-default\">Limitation de responsabilit\u00e9<\/h2>\t\t\t\t<\/div>\n\t\t\t\t<div class=\"elementor-element elementor-element-0d465e0 elementor-widget elementor-widget-text-editor\" data-id=\"0d465e0\" data-element_type=\"widget\" data-widget_type=\"text-editor.default\">\n\t\t\t\t\t\t\t\t\t<p>Ilokaz Concept s\u2019efforce d\u2019assurer au mieux l\u2019exactitude des informations diffus\u00e9es sur le site, mais ne saurait \u00eatre tenu responsable des erreurs, omissions ou d\u2019une absence de disponibilit\u00e9 des informations.<br \/>L\u2019utilisation du site se fait sous la seule responsabilit\u00e9 de l\u2019utilisateur.<\/p>\t\t\t\t\t\t\t\t<\/div>\n\t\t\t\t<\/div>\n\t\t\t\t<\/div>\n\t\t\t\t<\/div>\n\t\t","protected":false},"excerpt":{"rendered":"<p>Mentions l\u00e9gales Conform\u00e9ment aux dispositions des articles 6-III et 19 de la Loi n\u00b02004-575 du 21 juin 2004 pour la Confiance dans l\u2019\u00e9conomie num\u00e9rique (LCEN), nous informons les utilisateurs et visiteurs du site www.ilokaz.re des informations suivantes : \u00c9diteur du site Nom commercial : Ilokaz ConceptStatut juridique : Micro-entrepriseNom du responsable : Mathieu HoareauAdresse : La R\u00e9unionSIRET : 85218407600010Adresse e-mail : contact@ilokaz.reCode APE : 7112BTVA non applicable, article 293 B du CGI H\u00e9bergeur du site Nom : OVH SASAdresse : 2 rue Kellermann, 59100 Roubaix, FranceSite web : https:\/\/www.ovh.com Propri\u00e9t\u00e9 intellectuelle L\u2019ensemble du contenu du site www.ilokaz.re (textes, images, illustrations, logo, fichiers t\u00e9l\u00e9chargeables, etc.) est la propri\u00e9t\u00e9 exclusive d\u2019Ilokaz Concept, sauf mention contraire. Toute reproduction, repr\u00e9sentation, modification ou adaptation, partielle ou totale, est interdite sans autorisation pr\u00e9alable \u00e9crite. Donn\u00e9es personnelles Aucune donn\u00e9e personnelle n\u2019est collect\u00e9e sans votre consentement.Les informations \u00e9ventuellement collect\u00e9es via le formulaire de contact ne sont utilis\u00e9es qu\u2019\u00e0 des fins de r\u00e9ponse \u00e0 vos demandes, et ne sont en aucun cas transmises \u00e0 des tiers.Conform\u00e9ment \u00e0 la loi \u00ab Informatique et Libert\u00e9s \u00bb du 6 janvier 1978 modifi\u00e9e et au RGPD, vous disposez d\u2019un droit d\u2019acc\u00e8s, de rectification et de suppression de vos donn\u00e9es personnelles. Pour exercer ce droit, vous pouvez \u00e9crire \u00e0 : contact@ilokaz.re Cookies Le site www.ilokaz.re peut \u00eatre amen\u00e9 \u00e0 d\u00e9poser des cookies \u00e0 des fins de navigation, d\u2019analyse de fr\u00e9quentation ou de fonctionnalit\u00e9.Vous pouvez configurer votre navigateur pour refuser ou supprimer les cookies. Limitation de responsabilit\u00e9 Ilokaz Concept s\u2019efforce d\u2019assurer au mieux l\u2019exactitude des informations diffus\u00e9es sur le site, mais ne saurait \u00eatre tenu responsable des erreurs, omissions ou d\u2019une absence de disponibilit\u00e9 des informations.L\u2019utilisation du site se fait sous la seule responsabilit\u00e9 de l\u2019utilisateur.<\/p>\n","protected":false},"author":1,"featured_media":0,"parent":0,"menu_order":0,"comment_status":"closed","ping_status":"closed","template":"elementor_header_footer","meta":{"_eb_attr":"","footnotes":""},"class_list":["post-532","page","type-page","status-publish","hentry"],"_links":{"self":[{"href":"https:\/\/maintenance.ilokaz.re\/index.php?rest_route=\/wp\/v2\/pages\/532","targetHints":{"allow":["GET"]}}],"collection":[{"href":"https:\/\/maintenance.ilokaz.re\/index.php?rest_route=\/wp\/v2\/pages"}],"about":[{"href":"https:\/\/maintenance.ilokaz.re\/index.php?rest_route=\/wp\/v2\/types\/page"}],"author":[{"embeddable":true,"href":"https:\/\/maintenance.ilokaz.re\/index.php?rest_route=\/wp\/v2\/users\/1"}],"replies":[{"embeddable":true,"href":"https:\/\/maintenance.ilokaz.re\/index.php?rest_route=%2Fwp%2Fv2%2Fcomments&post=532"}],"version-history":[{"count":6,"href":"https:\/\/maintenance.ilokaz.re\/index.php?rest_route=\/wp\/v2\/pages\/532\/revisions"}],"predecessor-version":[{"id":1124,"href":"https:\/\/maintenance.ilokaz.re\/index.php?rest_route=\/wp\/v2\/pages\/532\/revisions\/1124"}],"wp:attachment":[{"href":"https:\/\/maintenance.ilokaz.re\/index.php?rest_route=%2Fwp%2Fv2%2Fmedia&parent=532"}],"curies":[{"name":"wp","href":"https:\/\/api.w.org\/{rel}","templated":true}]}}